{"id":778,"date":"2020-08-24T16:46:15","date_gmt":"2020-08-24T17:22:38","guid":{"rendered":"https:\/\/www.cellermartifabra.com\/?post_type=product&#038;p=778"},"modified":"2025-04-14T14:16:23","modified_gmt":"2025-04-14T14:16:23","slug":"aceite-de-oliva-virgen-extra-lata-500-ml","status":"publish","type":"product","link":"https:\/\/www.cellermartifabra.com\/es\/producte\/aceite-de-oliva-virgen-extra-lata-500-ml\/","title":{"rendered":"Aceite de oliva virgen extra &#8211; lata 500 ml"},"content":{"rendered":"<p>Elaborado con aceitunas argudell, variedad local del Empord\u00e0, cosechadas exclusivamente en olivares propios. Se trata de 4 olivares centenarios situados en terrenos de monta\u00f1a y paredes de piedra seca. Son olivos muy viejos, poco productivos y en los que todo el trabajo se hace manual. Nunca se ha utilizado ning\u00fan tratamiento qu\u00edmico.<\/p>\n<p>Las aceitunas se cosechan directamente del \u00e1rbol manualmente y en su momento \u00f3ptimo de maduraci\u00f3n. Seguidamente se transportan a la almazara en cajas de 15 kg donde se hace un prensado en fr\u00edo, extrayendo s\u00f3lo para hacer calidad virgen extra para que exprese la calidad y autenticidad de nuestros olivos.<\/p>\n","protected":false},"excerpt":{"rendered":"<p>Elaborado con aceitunas argudell, variedad local del Empord\u00e0, cosechadas exclusivamente en olivares propios. Se trata de 4 olivares centenarios situados en terrenos de monta\u00f1a y paredes de piedra seca. Son olivos muy viejos, poco productivos y en los que todo el trabajo se hace manual. Nunca se ha utilizado ning\u00fan tratamiento qu\u00edmico. Las aceitunas se &hellip; <\/p>\n<p class=\"link-more\"><a href=\"https:\/\/www.cellermartifabra.com\/es\/producte\/aceite-de-oliva-virgen-extra-lata-500-ml\/\" class=\"more-link\">Continuar leyendo<span class=\"screen-reader-text\"> \u00abAceite de oliva virgen extra &#8211; lata 500 ml\u00bb<\/span><\/a><\/p>\n","protected":false},"featured_media":3221,"template":"","meta":[],"product_brand":[],"product_cat":[138],"product_tag":[139,142,141,140],"class_list":{"0":"post-778","1":"product","2":"type-product","3":"status-publish","4":"has-post-thumbnail","6":"product_cat-aceite-es","7":"product_tag-aceite-es","8":"product_tag-agrudell-es","9":"product_tag-corivell-es-2","10":"product_tag-virgen-extra-es","12":"first","13":"instock","14":"taxable","15":"shipping-taxable","16":"purchasable","17":"product-type-simple"},"jetpack_sharing_enabled":true,"_links":{"self":[{"href":"https:\/\/www.cellermartifabra.com\/es\/wp-json\/wp\/v2\/product\/778","targetHints":{"allow":["GET"]}}],"collection":[{"href":"https:\/\/www.cellermartifabra.com\/es\/wp-json\/wp\/v2\/product"}],"about":[{"href":"https:\/\/www.cellermartifabra.com\/es\/wp-json\/wp\/v2\/types\/product"}],"wp:featuredmedia":[{"embeddable":true,"href":"https:\/\/www.cellermartifabra.com\/es\/wp-json\/wp\/v2\/media\/3221"}],"wp:attachment":[{"href":"https:\/\/www.cellermartifabra.com\/es\/wp-json\/wp\/v2\/media?parent=778"}],"wp:term":[{"taxonomy":"product_brand","embeddable":true,"href":"https:\/\/www.cellermartifabra.com\/es\/wp-json\/wp\/v2\/product_brand?post=778"},{"taxonomy":"product_cat","embeddable":true,"href":"https:\/\/www.cellermartifabra.com\/es\/wp-json\/wp\/v2\/product_cat?post=778"},{"taxonomy":"product_tag","embeddable":true,"href":"https:\/\/www.cellermartifabra.com\/es\/wp-json\/wp\/v2\/product_tag?post=778"}],"curies":[{"name":"wp","href":"https:\/\/api.w.org\/{rel}","templated":true}]}}