{"id":2795,"date":"2024-12-04T14:43:37","date_gmt":"2024-12-04T14:43:37","guid":{"rendered":"https:\/\/www.cellermartifabra.com\/producte\/seleccion-de-esenciales\/"},"modified":"2026-01-13T11:22:43","modified_gmt":"2026-01-13T11:22:43","slug":"seleccion-de-esenciales","status":"publish","type":"product","link":"https:\/\/www.cellermartifabra.com\/es\/producte\/seleccion-de-esenciales\/","title":{"rendered":"Esenciales"},"content":{"rendered":"<blockquote><p>La selecci\u00f3n de los esenciales para disfrutar de estas fiestas.<\/p><\/blockquote>\n<p>Incluye:<\/p>\n<p><a href=\"https:\/\/www.cellermartifabra.com\/producte\/verd-albera\/\">Verd Albera<\/a> 2024 vino blanco con crianza en hormig\u00f3n.<\/p>\n<p><a href=\"https:\/\/www.cellermartifabra.com\/producte\/loratori\/\">L&#8217;Oratori<\/a> 2024 vino tinto con crianza en hormig\u00f3n.<\/p>\n<p><a href=\"https:\/\/www.rufacervesera.cat\/index.php\/producte\/vi-beer-caixa-6-unitats\/\">Vi Beer<\/a> 2024, la cerveza elaborada por la Rufa, la cervezera del Empord\u00e0, hecha con el mosto de macabeo.<\/p>\n<p>Se presentan en caja de madera de 3 botellas de 75 cl con tapa deslizante y correa.<\/p>\n","protected":false},"excerpt":{"rendered":"<p>La selecci\u00f3n de los esenciales para disfrutar de estas fiestas. Incluye: Verd Albera 2024 vino blanco con crianza en hormig\u00f3n. L&#8217;Oratori 2024 vino tinto con crianza en hormig\u00f3n. Vi Beer 2024, la cerveza elaborada por la Rufa, la cervezera del Empord\u00e0, hecha con el mosto de macabeo. Se presentan en caja de madera de 3 &hellip; <\/p>\n<p class=\"link-more\"><a href=\"https:\/\/www.cellermartifabra.com\/es\/producte\/seleccion-de-esenciales\/\" class=\"more-link\">Continuar leyendo<span class=\"screen-reader-text\"> \u00abEsenciales\u00bb<\/span><\/a><\/p>\n","protected":false},"featured_media":3182,"template":"","meta":[],"product_brand":[],"product_cat":[144],"product_tag":[],"class_list":{"0":"post-2795","1":"product","2":"type-product","3":"status-publish","4":"has-post-thumbnail","6":"product_cat-lotes","8":"first","9":"instock","10":"taxable","11":"shipping-taxable","12":"purchasable","13":"product-type-simple"},"jetpack_sharing_enabled":true,"_links":{"self":[{"href":"https:\/\/www.cellermartifabra.com\/es\/wp-json\/wp\/v2\/product\/2795","targetHints":{"allow":["GET"]}}],"collection":[{"href":"https:\/\/www.cellermartifabra.com\/es\/wp-json\/wp\/v2\/product"}],"about":[{"href":"https:\/\/www.cellermartifabra.com\/es\/wp-json\/wp\/v2\/types\/product"}],"wp:featuredmedia":[{"embeddable":true,"href":"https:\/\/www.cellermartifabra.com\/es\/wp-json\/wp\/v2\/media\/3182"}],"wp:attachment":[{"href":"https:\/\/www.cellermartifabra.com\/es\/wp-json\/wp\/v2\/media?parent=2795"}],"wp:term":[{"taxonomy":"product_brand","embeddable":true,"href":"https:\/\/www.cellermartifabra.com\/es\/wp-json\/wp\/v2\/product_brand?post=2795"},{"taxonomy":"product_cat","embeddable":true,"href":"https:\/\/www.cellermartifabra.com\/es\/wp-json\/wp\/v2\/product_cat?post=2795"},{"taxonomy":"product_tag","embeddable":true,"href":"https:\/\/www.cellermartifabra.com\/es\/wp-json\/wp\/v2\/product_tag?post=2795"}],"curies":[{"name":"wp","href":"https:\/\/api.w.org\/{rel}","templated":true}]}}