{"id":1503,"date":"2021-11-29T18:14:29","date_gmt":"2021-11-29T18:14:29","guid":{"rendered":"https:\/\/www.cellermartifabra.com\/producte\/magnum-de-vinyes-velles-con-caja-de-madera\/"},"modified":"2024-12-11T17:25:33","modified_gmt":"2024-12-11T17:25:33","slug":"magnum-de-vinyes-velles-con-caja-de-madera","status":"publish","type":"product","link":"https:\/\/www.cellermartifabra.com\/es\/producte\/magnum-de-vinyes-velles-con-caja-de-madera\/","title":{"rendered":"M\u00e1gnum de Vinyes Velles en caja de madera"},"content":{"rendered":"<blockquote><p>Ideal para encuentros, regalos y para compartir.<\/p><\/blockquote>\n<p>Botella de 150 cl del <a href=\"https:\/\/www.cellermartifabra.com\/es\/producte\/seleccio-vinyes-velles\/\">Selecci\u00f3 Vinyes Velles<\/a> 2023, presentada en caja de madera.<\/p>\n<p>Variedades:<\/p>\n<ul>\n<li>60% garnacha tinta<\/li>\n<li>20% cari\u00f1ena tinta<\/li>\n<li>15% cabernet sauvignon<\/li>\n<\/ul>\n<p>Grado alcoh\u00f3lico: 14,5% vol.<\/p>\n<p>DO Empord\u00e0<\/p>\n","protected":false},"excerpt":{"rendered":"<p>Ideal para encuentros, regalos y para compartir. Botella de 150 cl del Selecci\u00f3 Vinyes Velles 2023, presentada en caja de madera. Variedades: 60% garnacha tinta 20% cari\u00f1ena tinta 15% cabernet sauvignon Grado alcoh\u00f3lico: 14,5% vol. DO Empord\u00e0<\/p>\n","protected":false},"featured_media":2800,"template":"","meta":[],"product_brand":[],"product_cat":[144],"product_tag":[76,65,77,66,90],"class_list":{"0":"post-1503","1":"product","2":"type-product","3":"status-publish","4":"has-post-thumbnail","6":"product_cat-lotes","7":"product_tag-fusta-es","8":"product_tag-garnatxa-es","9":"product_tag-negre-es","10":"product_tag-reserva-es","11":"product_tag-vinya-vella-es","13":"first","14":"outofstock","15":"taxable","16":"shipping-taxable","17":"purchasable","18":"product-type-simple"},"jetpack_sharing_enabled":true,"_links":{"self":[{"href":"https:\/\/www.cellermartifabra.com\/es\/wp-json\/wp\/v2\/product\/1503","targetHints":{"allow":["GET"]}}],"collection":[{"href":"https:\/\/www.cellermartifabra.com\/es\/wp-json\/wp\/v2\/product"}],"about":[{"href":"https:\/\/www.cellermartifabra.com\/es\/wp-json\/wp\/v2\/types\/product"}],"wp:featuredmedia":[{"embeddable":true,"href":"https:\/\/www.cellermartifabra.com\/es\/wp-json\/wp\/v2\/media\/2800"}],"wp:attachment":[{"href":"https:\/\/www.cellermartifabra.com\/es\/wp-json\/wp\/v2\/media?parent=1503"}],"wp:term":[{"taxonomy":"product_brand","embeddable":true,"href":"https:\/\/www.cellermartifabra.com\/es\/wp-json\/wp\/v2\/product_brand?post=1503"},{"taxonomy":"product_cat","embeddable":true,"href":"https:\/\/www.cellermartifabra.com\/es\/wp-json\/wp\/v2\/product_cat?post=1503"},{"taxonomy":"product_tag","embeddable":true,"href":"https:\/\/www.cellermartifabra.com\/es\/wp-json\/wp\/v2\/product_tag?post=1503"}],"curies":[{"name":"wp","href":"https:\/\/api.w.org\/{rel}","templated":true}]}}