{"id":1495,"date":"2021-11-29T18:59:54","date_gmt":"2021-11-29T18:59:54","guid":{"rendered":"https:\/\/www.cellermartifabra.com\/producte\/seleccion-de-crianzas\/"},"modified":"2022-12-20T10:05:49","modified_gmt":"2022-12-20T10:05:49","slug":"seleccion-de-crianzas","status":"publish","type":"product","link":"https:\/\/www.cellermartifabra.com\/es\/producte\/seleccion-de-crianzas\/","title":{"rendered":"Selecci\u00f3n de crianzas"},"content":{"rendered":"<blockquote><p>La selecci\u00f3n para los amantes de los vinos complejos y de colecci\u00f3n.<\/p><\/blockquote>\n<p>Incluye:<\/p>\n<p><a href=\"https:\/\/www.cellermartifabra.com\/es\/producte\/flor-dalbera\/\">Flor d&#8217;Albera<\/a> 2020 vino blanco de crianza en madera.<\/p>\n<p><a href=\"https:\/\/www.cellermartifabra.com\/es\/producte\/seleccio-vinyes-velles\/\">Selecci\u00f3 Vinyes Velles<\/a> 2020, vino tinto de crianza en madera.<\/p>\n<p><a href=\"https:\/\/www.cellermartifabra.com\/es\/producte\/aceite-de-oliva-virgen-extra-botella-500-ml\/\">Aceite de oliva virgen extra<\/a> de argudell y corivell, de nuestros olivos centenarios.<\/p>\n<p>Se presenta en caja de madera de 3 botellas de 75 cl con tapa deslizante y asa de cuerda.<\/p>\n","protected":false},"excerpt":{"rendered":"<p>La selecci\u00f3n para los amantes de los vinos complejos y de colecci\u00f3n. Incluye: Flor d&#8217;Albera 2020 vino blanco de crianza en madera. Selecci\u00f3 Vinyes Velles 2020, vino tinto de crianza en madera. Aceite de oliva virgen extra de argudell y corivell, de nuestros olivos centenarios. Se presenta en caja de madera de 3 botellas de &hellip; <\/p>\n<p class=\"link-more\"><a href=\"https:\/\/www.cellermartifabra.com\/es\/producte\/seleccion-de-crianzas\/\" class=\"more-link\">Continuar leyendo<span class=\"screen-reader-text\"> \u00abSelecci\u00f3n de crianzas\u00bb<\/span><\/a><\/p>\n","protected":false},"featured_media":3269,"template":"","meta":[],"product_brand":[],"product_cat":[62],"product_tag":[85,132,74,76,65,72,77,66,145,90],"class_list":{"0":"post-1495","1":"product","2":"type-product","3":"status-publish","4":"has-post-thumbnail","6":"product_cat-sin-categorizar","7":"product_tag-blanc-es","8":"product_tag-caja-es","9":"product_tag-carinyena-es","10":"product_tag-fusta-es","11":"product_tag-garnatxa-es","12":"product_tag-moscatell-es","13":"product_tag-negre-es","14":"product_tag-reserva-es","15":"product_tag-vi-de-finca-es","16":"product_tag-vinya-vella-es","18":"first","19":"instock","20":"taxable","21":"shipping-taxable","22":"purchasable","23":"product-type-simple"},"jetpack_sharing_enabled":true,"_links":{"self":[{"href":"https:\/\/www.cellermartifabra.com\/es\/wp-json\/wp\/v2\/product\/1495","targetHints":{"allow":["GET"]}}],"collection":[{"href":"https:\/\/www.cellermartifabra.com\/es\/wp-json\/wp\/v2\/product"}],"about":[{"href":"https:\/\/www.cellermartifabra.com\/es\/wp-json\/wp\/v2\/types\/product"}],"wp:featuredmedia":[{"embeddable":true,"href":"https:\/\/www.cellermartifabra.com\/es\/wp-json\/wp\/v2\/media\/3269"}],"wp:attachment":[{"href":"https:\/\/www.cellermartifabra.com\/es\/wp-json\/wp\/v2\/media?parent=1495"}],"wp:term":[{"taxonomy":"product_brand","embeddable":true,"href":"https:\/\/www.cellermartifabra.com\/es\/wp-json\/wp\/v2\/product_brand?post=1495"},{"taxonomy":"product_cat","embeddable":true,"href":"https:\/\/www.cellermartifabra.com\/es\/wp-json\/wp\/v2\/product_cat?post=1495"},{"taxonomy":"product_tag","embeddable":true,"href":"https:\/\/www.cellermartifabra.com\/es\/wp-json\/wp\/v2\/product_tag?post=1495"}],"curies":[{"name":"wp","href":"https:\/\/api.w.org\/{rel}","templated":true}]}}