{"id":813,"date":"2020-08-31T16:32:43","date_gmt":"2020-08-31T16:32:43","guid":{"rendered":"https:\/\/www.cellermartifabra.com\/envios\/"},"modified":"2023-11-09T16:04:04","modified_gmt":"2023-11-09T16:04:04","slug":"envios","status":"publish","type":"page","link":"https:\/\/www.cellermartifabra.com\/es\/envios\/","title":{"rendered":"Env\u00edos"},"content":{"rendered":"\n<p>Los pedidos se sirven en cajas de 6 botellas. El plazo de preparaci\u00f3n de los pedidos es de 12-24 horas desde el momento en el que se recibe la confirmaci\u00f3n de pago. Una vez preparado el pedido, lo transferimos a la agencia de transportes que lo entrega en 24-72h.<\/p>\n\n\n\n<p>La agencia de transportes no realiza entregas los fines de semana, por este motivo los viernes no hacemos env\u00edos: as\u00ed guardamos el vino en nuestra bodega en condiciones \u00f3ptimas de temperatura y humedad.<\/p>\n\n\n\n<p>Si tiene una urgencia o alg\u00fan requerimiento especial, no dude en contactarnos a info@cellermartifabra.com o al 972 56 30 11 e intentaremos ayudarle!<\/p>\n\n\n\n<p>*No realizamos env\u00edos a Ceuta, Melilla, Islas Canarias ni fuera del estado. Si necesita realizar un env\u00edo en alguno de estos puntos, cont\u00e1ctenos y le pondr\u00edamos en contacto con alguno de nuestros distribuidores.<\/p>\n","protected":false},"excerpt":{"rendered":"<p>Los pedidos se sirven en cajas de 6 botellas. El plazo de preparaci\u00f3n de los pedidos es de 12-24 horas desde el momento en el que se recibe la confirmaci\u00f3n de pago. Una vez preparado el pedido, lo transferimos a la agencia de transportes que lo entrega en 24-72h. La agencia de transportes no realiza &hellip; <\/p>\n<p class=\"link-more\"><a href=\"https:\/\/www.cellermartifabra.com\/es\/envios\/\" class=\"more-link\">Continuar leyendo<span class=\"screen-reader-text\"> \u00abEnv\u00edos\u00bb<\/span><\/a><\/p>\n","protected":false},"author":1,"featured_media":0,"parent":0,"menu_order":0,"comment_status":"closed","ping_status":"closed","template":"","meta":{"footnotes":""},"class_list":["post-813","page","type-page","status-publish","hentry"],"jetpack_sharing_enabled":true,"_links":{"self":[{"href":"https:\/\/www.cellermartifabra.com\/es\/wp-json\/wp\/v2\/pages\/813","targetHints":{"allow":["GET"]}}],"collection":[{"href":"https:\/\/www.cellermartifabra.com\/es\/wp-json\/wp\/v2\/pages"}],"about":[{"href":"https:\/\/www.cellermartifabra.com\/es\/wp-json\/wp\/v2\/types\/page"}],"author":[{"embeddable":true,"href":"https:\/\/www.cellermartifabra.com\/es\/wp-json\/wp\/v2\/users\/1"}],"replies":[{"embeddable":true,"href":"https:\/\/www.cellermartifabra.com\/es\/wp-json\/wp\/v2\/comments?post=813"}],"version-history":[{"count":5,"href":"https:\/\/www.cellermartifabra.com\/es\/wp-json\/wp\/v2\/pages\/813\/revisions"}],"predecessor-version":[{"id":2518,"href":"https:\/\/www.cellermartifabra.com\/es\/wp-json\/wp\/v2\/pages\/813\/revisions\/2518"}],"wp:attachment":[{"href":"https:\/\/www.cellermartifabra.com\/es\/wp-json\/wp\/v2\/media?parent=813"}],"curies":[{"name":"wp","href":"https:\/\/api.w.org\/{rel}","templated":true}]}}