{"id":455,"date":"2020-04-16T10:55:10","date_gmt":"2020-04-16T10:55:10","guid":{"rendered":"https:\/\/www.cellermartifabra.com\/les-vinyes\/"},"modified":"2026-04-15T12:28:59","modified_gmt":"2026-04-15T12:28:59","slug":"visitas","status":"publish","type":"page","link":"https:\/\/www.cellermartifabra.com\/es\/visitas\/","title":{"rendered":"Visitas"},"content":{"rendered":"\n<p>Somos una bodega familiar y hacemos nosotros mismos las visitas tan a menudo como nos es posible. Las fechas disponibles se anuncian a trav\u00e9s de esta p\u00e1gina web, de nuestras redes sociales o por correo electr\u00f3nico.<\/p>\n\n\n\n<p>Actualmente no hay fechas previstas. Si desea que le avisemos por correo electr\u00f3nico de las pr\u00f3ximas visitas programadas, puede dejarnos su contacto aqu\u00ed:<\/p>\n\n\n<div class=\"wp-block-jetpack-contact-form is-layout-flex wp-container-jetpack-contact-form-is-layout-faa3ad1c wp-block-contact-form-is-layout-flex\"><a href=\"https:\/\/www.cellermartifabra.com\/es\/visitas\/\" target=\"_blank\" rel=\"noopener noreferrer\">Env\u00eda un formulario.<\/a><\/div>\n\n\n<p><strong>La visita incluye:<\/strong><\/p>\n\n\n\n<ul class=\"wp-block-list\">\n<li>Visita a la vi\u00f1a y recorrido por la bodega.<\/li>\n\n\n\n<li>cata de 5 vinos disponibles.<\/li>\n\n\n\n<li>La cata se acompa\u00f1a de queso y embutido.<\/li>\n\n\n\n<li>10% de descuento por la compra de vinos en la bodega.<\/li>\n<\/ul>\n\n\n\n<pre class=\"wp-block-verse\">Horario: 11h<br>Idioma: catal\u00e1n<br>Duraci\u00f3n aproximada: 2h<br>Precio: 19,50\u20ac por persona.<\/pre>\n\n\n\n<p>*Tu contacto se utilizar\u00e1 para enviarte informaci\u00f3n s\u00f3lo de las pr\u00f3ximas visitas disponibles. Facilit\u00e1ndonos tu correo electr\u00f3nico confirmas que est\u00e1s de acuerdo con la pol\u00edtica de privacidad que puedes consultar <a href=\"https:\/\/www.cellermartifabra.com\/politica-de-privacidad\/\">aqu\u00ed<\/a>.<\/p>\n\n\n\n<p><\/p>\n","protected":false},"excerpt":{"rendered":"<p>Somos una bodega familiar y hacemos nosotros mismos las visitas tan a menudo como nos es posible. Las fechas disponibles se anuncian a trav\u00e9s de esta p\u00e1gina web, de nuestras redes sociales o por correo electr\u00f3nico. Actualmente no hay fechas previstas. Si desea que le avisemos por correo electr\u00f3nico de las pr\u00f3ximas visitas programadas, puede &hellip; <\/p>\n<p class=\"link-more\"><a href=\"https:\/\/www.cellermartifabra.com\/es\/visitas\/\" class=\"more-link\">Continuar leyendo<span class=\"screen-reader-text\"> \u00abVisitas\u00bb<\/span><\/a><\/p>\n","protected":false},"author":1,"featured_media":457,"parent":0,"menu_order":0,"comment_status":"closed","ping_status":"closed","template":"","meta":{"footnotes":""},"class_list":["post-455","page","type-page","status-publish","has-post-thumbnail","hentry"],"jetpack_sharing_enabled":true,"_links":{"self":[{"href":"https:\/\/www.cellermartifabra.com\/es\/wp-json\/wp\/v2\/pages\/455","targetHints":{"allow":["GET"]}}],"collection":[{"href":"https:\/\/www.cellermartifabra.com\/es\/wp-json\/wp\/v2\/pages"}],"about":[{"href":"https:\/\/www.cellermartifabra.com\/es\/wp-json\/wp\/v2\/types\/page"}],"author":[{"embeddable":true,"href":"https:\/\/www.cellermartifabra.com\/es\/wp-json\/wp\/v2\/users\/1"}],"replies":[{"embeddable":true,"href":"https:\/\/www.cellermartifabra.com\/es\/wp-json\/wp\/v2\/comments?post=455"}],"version-history":[{"count":14,"href":"https:\/\/www.cellermartifabra.com\/es\/wp-json\/wp\/v2\/pages\/455\/revisions"}],"predecessor-version":[{"id":3296,"href":"https:\/\/www.cellermartifabra.com\/es\/wp-json\/wp\/v2\/pages\/455\/revisions\/3296"}],"wp:featuredmedia":[{"embeddable":true,"href":"https:\/\/www.cellermartifabra.com\/es\/wp-json\/wp\/v2\/media\/457"}],"wp:attachment":[{"href":"https:\/\/www.cellermartifabra.com\/es\/wp-json\/wp\/v2\/media?parent=455"}],"curies":[{"name":"wp","href":"https:\/\/api.w.org\/{rel}","templated":true}]}}