{"id":449,"date":"2020-04-16T10:55:10","date_gmt":"2020-04-16T10:55:10","guid":{"rendered":"https:\/\/www.cellermartifabra.com\/el-celler\/"},"modified":"2021-11-30T20:15:50","modified_gmt":"2021-11-30T20:15:50","slug":"el-celler","status":"publish","type":"page","link":"https:\/\/www.cellermartifabra.com\/es\/el-celler\/","title":{"rendered":"La bodega y los vi\u00f1edos"},"content":{"rendered":"\n<p>Nuestra bodega se encuentra en la mas\u00eda familiar, en la que se documenta la viticultura desde el siglo XIV. El primer documento que hace referencia a los vi\u00f1edos es la compra de una vi\u00f1a del 1305, esta escritura empieza una extensa relaci\u00f3n documental que atestigua la larga tradici\u00f3n vitivin\u00edcola de la familia Carreras.<\/p>\n\n\n\n<div class=\"wp-block-buttons is-content-justification-center is-layout-flex wp-block-buttons-is-layout-flex\">\n<div class=\"wp-block-button is-style-outline is-style-outline--1\"><a class=\"wp-block-button__link\" href=\"https:\/\/www.cellermartifabra.com\/es\/la-bodega-y-vinedos\/\">m\u00e1s sobre la bodega<\/a><\/div>\n<\/div>\n\n\n\n<p>Las vi\u00f1as crecen a los pies de la Albera, en terrenos muy pobres de pizarra y granito, ventilados frecuentemente por la tramontana. Muchas de estas vi\u00f1as son extremadamente viejas, tienen de 80 a m\u00e1s de 100 a\u00f1os<\/p>\n\n\n\n<div class=\"wp-block-buttons is-content-justification-center is-layout-flex wp-block-buttons-is-layout-flex\">\n<div class=\"wp-block-button is-style-outline is-style-outline--2\"><a class=\"wp-block-button__link\" href=\"https:\/\/www.cellermartifabra.com\/es\/los-vinedos\/\">m\u00e1s sobre los vi\u00f1edos<\/a><\/div>\n<\/div>\n","protected":false},"excerpt":{"rendered":"<p>Nuestra bodega se encuentra en la mas\u00eda familiar, en la que se documenta la viticultura desde el siglo XIV. El primer documento que hace referencia a los vi\u00f1edos es la compra de una vi\u00f1a del 1305, esta escritura empieza una extensa relaci\u00f3n documental que atestigua la larga tradici\u00f3n vitivin\u00edcola de la familia Carreras. Las vi\u00f1as &hellip; <\/p>\n<p class=\"link-more\"><a href=\"https:\/\/www.cellermartifabra.com\/es\/el-celler\/\" class=\"more-link\">Continuar leyendo<span class=\"screen-reader-text\"> \u00abLa bodega y los vi\u00f1edos\u00bb<\/span><\/a><\/p>\n","protected":false},"author":1,"featured_media":451,"parent":0,"menu_order":0,"comment_status":"closed","ping_status":"closed","template":"","meta":{"footnotes":""},"class_list":["post-449","page","type-page","status-publish","has-post-thumbnail","hentry"],"jetpack_sharing_enabled":true,"_links":{"self":[{"href":"https:\/\/www.cellermartifabra.com\/es\/wp-json\/wp\/v2\/pages\/449","targetHints":{"allow":["GET"]}}],"collection":[{"href":"https:\/\/www.cellermartifabra.com\/es\/wp-json\/wp\/v2\/pages"}],"about":[{"href":"https:\/\/www.cellermartifabra.com\/es\/wp-json\/wp\/v2\/types\/page"}],"author":[{"embeddable":true,"href":"https:\/\/www.cellermartifabra.com\/es\/wp-json\/wp\/v2\/users\/1"}],"replies":[{"embeddable":true,"href":"https:\/\/www.cellermartifabra.com\/es\/wp-json\/wp\/v2\/comments?post=449"}],"version-history":[{"count":9,"href":"https:\/\/www.cellermartifabra.com\/es\/wp-json\/wp\/v2\/pages\/449\/revisions"}],"predecessor-version":[{"id":1541,"href":"https:\/\/www.cellermartifabra.com\/es\/wp-json\/wp\/v2\/pages\/449\/revisions\/1541"}],"wp:featuredmedia":[{"embeddable":true,"href":"https:\/\/www.cellermartifabra.com\/es\/wp-json\/wp\/v2\/media\/451"}],"wp:attachment":[{"href":"https:\/\/www.cellermartifabra.com\/es\/wp-json\/wp\/v2\/media?parent=449"}],"curies":[{"name":"wp","href":"https:\/\/api.w.org\/{rel}","templated":true}]}}