{"id":2053,"date":"2022-12-14T11:40:43","date_gmt":"2022-12-14T11:40:43","guid":{"rendered":"https:\/\/www.cellermartifabra.com\/aceite\/"},"modified":"2022-12-14T11:40:43","modified_gmt":"2022-12-14T11:40:43","slug":"aceite","status":"publish","type":"page","link":"https:\/\/www.cellermartifabra.com\/es\/aceite\/","title":{"rendered":"Aceite"},"content":{"rendered":"\n<p>Disponemos de cuatro olivares propios centenarios, de olivos argudell y corivell, variedades aut\u00f3ctonas del Empord\u00e0. Los documentos m\u00e1s antiguos que mencionan los olivares de la familia son del siglo XVIII y los cuatro olivares se ubican en Vilartol\u00ed, un vecindario de Sant Climent que crece a ambos lados de la riera del Anyet encaramado en la monta\u00f1a.<\/p>\n\n<p>Los olivos est\u00e1n plantados en grandes terrazas de piedra seca que nivelan el terreno. Debido a la antig\u00fcedad de los propios olivos y la pobreza de la tierra, las producciones son muy bajas pero de alta calidad. Todo el trabajo que hacemos es manual y nunca hemos realizado ning\u00fan tratamiento con qu\u00edmico.<\/p>\n<div data-block-name=\"woocommerce\/product-category\" data-categories=\"[138]\" class=\"wc-block-grid wp-block-product-category wp-block-woocommerce-product-category wc-block-product-category has-3-columns has-multiple-rows\"><ul class=\"wc-block-grid__products\"><li class=\"wc-block-grid__product\">\n\t\t\t\t<a href=\"https:\/\/www.cellermartifabra.com\/es\/producte\/oli-doliva-verge-extra-llauna-750-ml\/\" class=\"wc-block-grid__product-link\">\n\t\t\t\t\t\n\t\t\t\t\t<div class=\"wc-block-grid__product-image\"><img loading=\"lazy\" decoding=\"async\" width=\"250\" height=\"250\" src=\"https:\/\/i0.wp.com\/www.cellermartifabra.com\/wp-content\/uploads\/2026\/03\/wp_llauna-75.jpg?resize=250%2C250&amp;ssl=1\" class=\"attachment-woocommerce_thumbnail size-woocommerce_thumbnail\" alt=\"Oli d&#039;oliva verge extra - llauna 750 ml\" srcset=\"https:\/\/i0.wp.com\/www.cellermartifabra.com\/wp-content\/uploads\/2026\/03\/wp_llauna-75.jpg?w=1530&amp;ssl=1 1530w, https:\/\/i0.wp.com\/www.cellermartifabra.com\/wp-content\/uploads\/2026\/03\/wp_llauna-75.jpg?resize=300%2C300&amp;ssl=1 300w, https:\/\/i0.wp.com\/www.cellermartifabra.com\/wp-content\/uploads\/2026\/03\/wp_llauna-75.jpg?resize=1020%2C1024&amp;ssl=1 1020w, https:\/\/i0.wp.com\/www.cellermartifabra.com\/wp-content\/uploads\/2026\/03\/wp_llauna-75.jpg?resize=150%2C150&amp;ssl=1 150w, https:\/\/i0.wp.com\/www.cellermartifabra.com\/wp-content\/uploads\/2026\/03\/wp_llauna-75.jpg?resize=768%2C771&amp;ssl=1 768w, https:\/\/i0.wp.com\/www.cellermartifabra.com\/wp-content\/uploads\/2026\/03\/wp_llauna-75.jpg?resize=100%2C100&amp;ssl=1 100w, https:\/\/i0.wp.com\/www.cellermartifabra.com\/wp-content\/uploads\/2026\/03\/wp_llauna-75.jpg?resize=250%2C250&amp;ssl=1 250w, https:\/\/i0.wp.com\/www.cellermartifabra.com\/wp-content\/uploads\/2026\/03\/wp_llauna-75.jpg?resize=350%2C351&amp;ssl=1 350w\" sizes=\"auto, 100vw\" \/><\/div>\n\t\t\t\t\t<div class=\"wc-block-grid__product-title\">Oli d&#8217;oliva verge extra &#8211; llauna 750 ml<\/div>\n\t\t\t\t<\/a>\n\t\t\t\t<div class=\"wc-block-grid__product-price price\"><span class=\"woocommerce-Price-amount amount\"><span class=\"woocommerce-Price-currencySymbol\">&euro;<\/span>15,90<\/span><\/div>\n\t\t\t\t\n\t\t\t\t<div class=\"wp-block-button wc-block-grid__product-add-to-cart\"><a href=\"?add-to-cart=3200\" aria-label=\"Add to cart: &ldquo;Oli d&#039;oliva verge extra - llauna 750 ml&rdquo;\" data-quantity=\"1\" data-product_id=\"3200\" data-product_sku=\"\" data-price=\"15.9\" rel=\"nofollow\" class=\"wp-block-button__link  add_to_cart_button ajax_add_to_cart\">Add to cart<\/a><\/div>\n\t\t\t<\/li><li class=\"wc-block-grid__product\">\n\t\t\t\t<a href=\"https:\/\/www.cellermartifabra.com\/es\/producte\/oli-doliva-llauna-250-ml\/\" class=\"wc-block-grid__product-link\">\n\t\t\t\t\t\n\t\t\t\t\t<div class=\"wc-block-grid__product-image\"><img loading=\"lazy\" decoding=\"async\" width=\"250\" height=\"250\" src=\"https:\/\/i0.wp.com\/www.cellermartifabra.com\/wp-content\/uploads\/2026\/03\/wp_llauna-25.jpg?resize=250%2C250&amp;ssl=1\" class=\"attachment-woocommerce_thumbnail size-woocommerce_thumbnail\" alt=\"Oli d&#039;oliva verge extra - llauna 250 ml\" srcset=\"https:\/\/i0.wp.com\/www.cellermartifabra.com\/wp-content\/uploads\/2026\/03\/wp_llauna-25.jpg?w=1530&amp;ssl=1 1530w, https:\/\/i0.wp.com\/www.cellermartifabra.com\/wp-content\/uploads\/2026\/03\/wp_llauna-25.jpg?resize=300%2C300&amp;ssl=1 300w, https:\/\/i0.wp.com\/www.cellermartifabra.com\/wp-content\/uploads\/2026\/03\/wp_llauna-25.jpg?resize=1020%2C1024&amp;ssl=1 1020w, https:\/\/i0.wp.com\/www.cellermartifabra.com\/wp-content\/uploads\/2026\/03\/wp_llauna-25.jpg?resize=150%2C150&amp;ssl=1 150w, https:\/\/i0.wp.com\/www.cellermartifabra.com\/wp-content\/uploads\/2026\/03\/wp_llauna-25.jpg?resize=768%2C771&amp;ssl=1 768w, https:\/\/i0.wp.com\/www.cellermartifabra.com\/wp-content\/uploads\/2026\/03\/wp_llauna-25.jpg?resize=100%2C100&amp;ssl=1 100w, https:\/\/i0.wp.com\/www.cellermartifabra.com\/wp-content\/uploads\/2026\/03\/wp_llauna-25.jpg?resize=250%2C250&amp;ssl=1 250w, https:\/\/i0.wp.com\/www.cellermartifabra.com\/wp-content\/uploads\/2026\/03\/wp_llauna-25.jpg?resize=350%2C351&amp;ssl=1 350w\" sizes=\"auto, 100vw\" \/><\/div>\n\t\t\t\t\t<div class=\"wc-block-grid__product-title\">Oli d&#8217;oliva verge extra &#8211; llauna 250 ml<\/div>\n\t\t\t\t<\/a>\n\t\t\t\t<div class=\"wc-block-grid__product-price price\"><span class=\"woocommerce-Price-amount amount\"><span class=\"woocommerce-Price-currencySymbol\">&euro;<\/span>7,05<\/span><\/div>\n\t\t\t\t\n\t\t\t\t<div class=\"wp-block-button wc-block-grid__product-add-to-cart\"><a href=\"?add-to-cart=3189\" aria-label=\"Add to cart: &ldquo;Oli d&#039;oliva verge extra - llauna 250 ml&rdquo;\" data-quantity=\"1\" data-product_id=\"3189\" data-product_sku=\"\" data-price=\"7.05\" rel=\"nofollow\" class=\"wp-block-button__link  add_to_cart_button ajax_add_to_cart\">Add to cart<\/a><\/div>\n\t\t\t<\/li><li class=\"wc-block-grid__product\">\n\t\t\t\t<a href=\"https:\/\/www.cellermartifabra.com\/es\/producte\/aceite-de-oliva-virgen-extra-lata-500-ml\/\" class=\"wc-block-grid__product-link\">\n\t\t\t\t\t\n\t\t\t\t\t<div class=\"wc-block-grid__product-image\"><img loading=\"lazy\" decoding=\"async\" width=\"250\" height=\"250\" src=\"https:\/\/i0.wp.com\/www.cellermartifabra.com\/wp-content\/uploads\/2026\/03\/wp_llauna-50.jpg?resize=250%2C250&amp;ssl=1\" class=\"attachment-woocommerce_thumbnail size-woocommerce_thumbnail\" alt=\"Aceite de oliva virgen extra - lata 500 ml\" srcset=\"https:\/\/i0.wp.com\/www.cellermartifabra.com\/wp-content\/uploads\/2026\/03\/wp_llauna-50.jpg?w=1530&amp;ssl=1 1530w, https:\/\/i0.wp.com\/www.cellermartifabra.com\/wp-content\/uploads\/2026\/03\/wp_llauna-50.jpg?resize=300%2C300&amp;ssl=1 300w, https:\/\/i0.wp.com\/www.cellermartifabra.com\/wp-content\/uploads\/2026\/03\/wp_llauna-50.jpg?resize=1020%2C1024&amp;ssl=1 1020w, https:\/\/i0.wp.com\/www.cellermartifabra.com\/wp-content\/uploads\/2026\/03\/wp_llauna-50.jpg?resize=150%2C150&amp;ssl=1 150w, https:\/\/i0.wp.com\/www.cellermartifabra.com\/wp-content\/uploads\/2026\/03\/wp_llauna-50.jpg?resize=768%2C771&amp;ssl=1 768w, https:\/\/i0.wp.com\/www.cellermartifabra.com\/wp-content\/uploads\/2026\/03\/wp_llauna-50.jpg?resize=100%2C100&amp;ssl=1 100w, https:\/\/i0.wp.com\/www.cellermartifabra.com\/wp-content\/uploads\/2026\/03\/wp_llauna-50.jpg?resize=250%2C250&amp;ssl=1 250w, https:\/\/i0.wp.com\/www.cellermartifabra.com\/wp-content\/uploads\/2026\/03\/wp_llauna-50.jpg?resize=350%2C351&amp;ssl=1 350w\" sizes=\"auto, 100vw\" \/><\/div>\n\t\t\t\t\t<div class=\"wc-block-grid__product-title\">Aceite de oliva virgen extra &#8211; lata 500 ml<\/div>\n\t\t\t\t<\/a>\n\t\t\t\t<div class=\"wc-block-grid__product-price price\"><span class=\"woocommerce-Price-amount amount\"><span class=\"woocommerce-Price-currencySymbol\">&euro;<\/span>11,10<\/span><\/div>\n\t\t\t\t\n\t\t\t\t<div class=\"wp-block-button wc-block-grid__product-add-to-cart\"><a href=\"?add-to-cart=778\" aria-label=\"Add to cart: &ldquo;Aceite de oliva virgen extra - lata 500 ml&rdquo;\" data-quantity=\"1\" data-product_id=\"778\" data-product_sku=\"\" data-price=\"11.1\" rel=\"nofollow\" class=\"wp-block-button__link  add_to_cart_button ajax_add_to_cart\">Add to cart<\/a><\/div>\n\t\t\t<\/li><li class=\"wc-block-grid__product\">\n\t\t\t\t<a href=\"https:\/\/www.cellermartifabra.com\/es\/producte\/aceite-de-oliva-virgen-extra-botella-500-ml\/\" class=\"wc-block-grid__product-link\">\n\t\t\t\t\t\n\t\t\t\t\t<div class=\"wc-block-grid__product-image\"><img loading=\"lazy\" decoding=\"async\" width=\"250\" height=\"250\" src=\"https:\/\/i0.wp.com\/www.cellermartifabra.com\/wp-content\/uploads\/2020\/08\/oli-ampolla.jpg?resize=250%2C250&amp;ssl=1\" class=\"attachment-woocommerce_thumbnail size-woocommerce_thumbnail\" alt=\"Aceite de oliva virgen extra - botella 500 ml\" srcset=\"https:\/\/i0.wp.com\/www.cellermartifabra.com\/wp-content\/uploads\/2020\/08\/oli-ampolla.jpg?w=1530&amp;ssl=1 1530w, https:\/\/i0.wp.com\/www.cellermartifabra.com\/wp-content\/uploads\/2020\/08\/oli-ampolla.jpg?resize=300%2C300&amp;ssl=1 300w, https:\/\/i0.wp.com\/www.cellermartifabra.com\/wp-content\/uploads\/2020\/08\/oli-ampolla.jpg?resize=1020%2C1024&amp;ssl=1 1020w, https:\/\/i0.wp.com\/www.cellermartifabra.com\/wp-content\/uploads\/2020\/08\/oli-ampolla.jpg?resize=150%2C150&amp;ssl=1 150w, https:\/\/i0.wp.com\/www.cellermartifabra.com\/wp-content\/uploads\/2020\/08\/oli-ampolla.jpg?resize=768%2C771&amp;ssl=1 768w, https:\/\/i0.wp.com\/www.cellermartifabra.com\/wp-content\/uploads\/2020\/08\/oli-ampolla.jpg?resize=100%2C100&amp;ssl=1 100w, https:\/\/i0.wp.com\/www.cellermartifabra.com\/wp-content\/uploads\/2020\/08\/oli-ampolla.jpg?resize=250%2C250&amp;ssl=1 250w, https:\/\/i0.wp.com\/www.cellermartifabra.com\/wp-content\/uploads\/2020\/08\/oli-ampolla.jpg?resize=350%2C351&amp;ssl=1 350w\" sizes=\"auto, 100vw\" \/><\/div>\n\t\t\t\t\t<div class=\"wc-block-grid__product-title\">Aceite de oliva virgen extra &#8211; botella 500 ml<\/div>\n\t\t\t\t<\/a>\n\t\t\t\t<div class=\"wc-block-grid__product-price price\"><span class=\"woocommerce-Price-amount amount\"><span class=\"woocommerce-Price-currencySymbol\">&euro;<\/span>11,45<\/span><\/div>\n\t\t\t\t\n\t\t\t\t<div class=\"wp-block-button wc-block-grid__product-add-to-cart\"><a href=\"?add-to-cart=779\" aria-label=\"Add to cart: &ldquo;Aceite de oliva virgen extra - botella 500 ml&rdquo;\" data-quantity=\"1\" data-product_id=\"779\" data-product_sku=\"\" data-price=\"11.45\" rel=\"nofollow\" class=\"wp-block-button__link  add_to_cart_button ajax_add_to_cart\">Add to cart<\/a><\/div>\n\t\t\t<\/li><\/ul><\/div>","protected":false},"excerpt":{"rendered":"<p>Disponemos de cuatro olivares propios centenarios, de olivos argudell y corivell, variedades aut\u00f3ctonas del Empord\u00e0. Los documentos m\u00e1s antiguos que mencionan los olivares de la familia son del siglo XVIII y los cuatro olivares se ubican en Vilartol\u00ed, un vecindario de Sant Climent que crece a ambos lados de la riera del Anyet encaramado en &hellip; <\/p>\n<p class=\"link-more\"><a href=\"https:\/\/www.cellermartifabra.com\/es\/aceite\/\" class=\"more-link\">Continuar leyendo<span class=\"screen-reader-text\"> \u00abAceite\u00bb<\/span><\/a><\/p>\n","protected":false},"author":1,"featured_media":769,"parent":0,"menu_order":0,"comment_status":"closed","ping_status":"closed","template":"","meta":{"footnotes":""},"class_list":["post-2053","page","type-page","status-publish","has-post-thumbnail","hentry"],"jetpack_sharing_enabled":true,"_links":{"self":[{"href":"https:\/\/www.cellermartifabra.com\/es\/wp-json\/wp\/v2\/pages\/2053","targetHints":{"allow":["GET"]}}],"collection":[{"href":"https:\/\/www.cellermartifabra.com\/es\/wp-json\/wp\/v2\/pages"}],"about":[{"href":"https:\/\/www.cellermartifabra.com\/es\/wp-json\/wp\/v2\/types\/page"}],"author":[{"embeddable":true,"href":"https:\/\/www.cellermartifabra.com\/es\/wp-json\/wp\/v2\/users\/1"}],"replies":[{"embeddable":true,"href":"https:\/\/www.cellermartifabra.com\/es\/wp-json\/wp\/v2\/comments?post=2053"}],"version-history":[{"count":1,"href":"https:\/\/www.cellermartifabra.com\/es\/wp-json\/wp\/v2\/pages\/2053\/revisions"}],"predecessor-version":[{"id":2054,"href":"https:\/\/www.cellermartifabra.com\/es\/wp-json\/wp\/v2\/pages\/2053\/revisions\/2054"}],"wp:featuredmedia":[{"embeddable":true,"href":"https:\/\/www.cellermartifabra.com\/es\/wp-json\/wp\/v2\/media\/769"}],"wp:attachment":[{"href":"https:\/\/www.cellermartifabra.com\/es\/wp-json\/wp\/v2\/media?parent=2053"}],"curies":[{"name":"wp","href":"https:\/\/api.w.org\/{rel}","templated":true}]}}