{"id":1536,"date":"2021-11-30T20:11:29","date_gmt":"2021-11-30T20:11:29","guid":{"rendered":"https:\/\/www.cellermartifabra.com\/los-vinedos\/"},"modified":"2023-11-06T15:27:44","modified_gmt":"2023-11-06T15:27:44","slug":"los-vinedos","status":"publish","type":"page","link":"https:\/\/www.cellermartifabra.com\/es\/los-vinedos\/","title":{"rendered":"Los vi\u00f1edos"},"content":{"rendered":"\n<p>Las vi\u00f1as de nuestra bodega crecen a los pies de la Albera, en terrenos muy pobres de pizarra y granito, ventilados frecuentemente por la tramontana. Muchas de estas vi\u00f1as son extremadamente viejas, tienen de 80 a m\u00e1s de 100 a\u00f1os, de las variedades cari\u00f1ena y garnacha (llamadas <em>carinyana<\/em> y <em>lledoner<\/em> en el Empord\u00e0) en sus diferentes variantes: negras, rosadas y blancas.<\/p>\n\n\n\n<p>Procuramos hacer un cultivo de la vid lo m\u00e1s respetuoso posible: nunca hemos utilizado herbicidas, labramos la tierra en varias ocasiones con el fin de airearla y mantener la riqueza del suelo. Con este tipo de viticultura y minimizando los tratamientos se consigue un gran equilibrio ecol\u00f3gico.<\/p>\n\n\n\n<figure class=\"wp-block-image size-large\"><img data-recalc-dims=\"1\" loading=\"lazy\" decoding=\"async\" width=\"525\" height=\"350\" src=\"https:\/\/i0.wp.com\/www.cellermartifabra.com\/wp-content\/uploads\/2020\/04\/MG_9785.jpg?resize=525%2C350&#038;ssl=1\" alt=\"\" class=\"wp-image-554\" srcset=\"https:\/\/i0.wp.com\/www.cellermartifabra.com\/wp-content\/uploads\/2020\/04\/MG_9785-scaled.jpg?resize=1024%2C683&amp;ssl=1 1024w, https:\/\/i0.wp.com\/www.cellermartifabra.com\/wp-content\/uploads\/2020\/04\/MG_9785-scaled.jpg?resize=300%2C200&amp;ssl=1 300w, https:\/\/i0.wp.com\/www.cellermartifabra.com\/wp-content\/uploads\/2020\/04\/MG_9785-scaled.jpg?resize=768%2C512&amp;ssl=1 768w, https:\/\/i0.wp.com\/www.cellermartifabra.com\/wp-content\/uploads\/2020\/04\/MG_9785-scaled.jpg?resize=1536%2C1024&amp;ssl=1 1536w, https:\/\/i0.wp.com\/www.cellermartifabra.com\/wp-content\/uploads\/2020\/04\/MG_9785-scaled.jpg?resize=2048%2C1366&amp;ssl=1 2048w, https:\/\/i0.wp.com\/www.cellermartifabra.com\/wp-content\/uploads\/2020\/04\/MG_9785-scaled.jpg?resize=350%2C233&amp;ssl=1 350w\" sizes=\"auto, (max-width: 767px) 89vw, (max-width: 1000px) 54vw, (max-width: 1071px) 543px, 580px\" \/><\/figure>\n\n\n\n<div class=\"wp-block-buttons is-content-justification-center is-layout-flex wp-block-buttons-is-layout-flex\">\n<div class=\"wp-block-button is-style-outline is-style-outline--1\"><a class=\"wp-block-button__link\" href=\"https:\/\/www.cellermartifabra.com\/es\/los-vinos\/\">los vinos<\/a><\/div>\n<\/div>\n\n\n\n<p><\/p>\n","protected":false},"excerpt":{"rendered":"<p>Las vi\u00f1as de nuestra bodega crecen a los pies de la Albera, en terrenos muy pobres de pizarra y granito, ventilados frecuentemente por la tramontana. Muchas de estas vi\u00f1as son extremadamente viejas, tienen de 80 a m\u00e1s de 100 a\u00f1os, de las variedades cari\u00f1ena y garnacha (llamadas carinyana y lledoner en el Empord\u00e0) en sus &hellip; <\/p>\n<p class=\"link-more\"><a href=\"https:\/\/www.cellermartifabra.com\/es\/los-vinedos\/\" class=\"more-link\">Continuar leyendo<span class=\"screen-reader-text\"> \u00abLos vi\u00f1edos\u00bb<\/span><\/a><\/p>\n","protected":false},"author":1,"featured_media":0,"parent":0,"menu_order":0,"comment_status":"closed","ping_status":"closed","template":"","meta":{"footnotes":""},"class_list":["post-1536","page","type-page","status-publish","hentry"],"jetpack_sharing_enabled":true,"_links":{"self":[{"href":"https:\/\/www.cellermartifabra.com\/es\/wp-json\/wp\/v2\/pages\/1536","targetHints":{"allow":["GET"]}}],"collection":[{"href":"https:\/\/www.cellermartifabra.com\/es\/wp-json\/wp\/v2\/pages"}],"about":[{"href":"https:\/\/www.cellermartifabra.com\/es\/wp-json\/wp\/v2\/types\/page"}],"author":[{"embeddable":true,"href":"https:\/\/www.cellermartifabra.com\/es\/wp-json\/wp\/v2\/users\/1"}],"replies":[{"embeddable":true,"href":"https:\/\/www.cellermartifabra.com\/es\/wp-json\/wp\/v2\/comments?post=1536"}],"version-history":[{"count":4,"href":"https:\/\/www.cellermartifabra.com\/es\/wp-json\/wp\/v2\/pages\/1536\/revisions"}],"predecessor-version":[{"id":2504,"href":"https:\/\/www.cellermartifabra.com\/es\/wp-json\/wp\/v2\/pages\/1536\/revisions\/2504"}],"wp:attachment":[{"href":"https:\/\/www.cellermartifabra.com\/es\/wp-json\/wp\/v2\/media?parent=1536"}],"curies":[{"name":"wp","href":"https:\/\/api.w.org\/{rel}","templated":true}]}}