{"id":1476,"date":"2021-11-30T08:26:47","date_gmt":"2021-11-30T08:26:47","guid":{"rendered":"https:\/\/www.cellermartifabra.com\/?page_id=1476"},"modified":"2023-11-06T15:30:32","modified_gmt":"2023-11-06T15:30:32","slug":"la-bodega-y-vinedos","status":"publish","type":"page","link":"https:\/\/www.cellermartifabra.com\/es\/la-bodega-y-vinedos\/","title":{"rendered":"La bodega"},"content":{"rendered":"\n<p>Nuestra bodega se encuentra en la mas\u00eda familiar, en la que se documenta la viticultura desde el siglo XIV. El primer documento que hace referencia a los vi\u00f1edos es la compra de una vi\u00f1a del 1305, esta escritura empieza una extensa relaci\u00f3n documental que atestigua la larga tradici\u00f3n vitivin\u00edcola de la familia Carreras.<\/p>\n\n\n\n<p>Con el paso de los siglos, las propiedades de los Carreras fueron aumentando hasta que, con la crisis de la filoxera, la familia se vio obligada a vender buena parte de sus tierras. Muchas vi\u00f1as fueron compradas por la familia Fabra, del vecindario de Vilartol\u00ed, que replantaron las antiguas cepas y volvieron a poner en producci\u00f3n los terrenos arrasados \u200b\u200bpor la filoxera.<\/p>\n\n\n\n<p>Pocos a\u00f1os despu\u00e9s, con el matrimonio de Eulalia Carreras y Joan Fabra las propiedades volvieron a unirse, y naci\u00f3 la semilla de la bodega Mart\u00ed Fabra con la adecuaci\u00f3n de los bajos de la mas\u00eda Carreras.<\/p>\n\n\n\n<figure class=\"wp-block-image size-large\"><img data-recalc-dims=\"1\" loading=\"lazy\" decoding=\"async\" width=\"525\" height=\"350\" src=\"https:\/\/i0.wp.com\/www.cellermartifabra.com\/wp-content\/uploads\/2020\/04\/MG_9930.jpg?resize=525%2C350&#038;ssl=1\" alt=\"\" class=\"wp-image-538\" srcset=\"https:\/\/i0.wp.com\/www.cellermartifabra.com\/wp-content\/uploads\/2020\/04\/MG_9930-scaled.jpg?resize=1024%2C683&amp;ssl=1 1024w, https:\/\/i0.wp.com\/www.cellermartifabra.com\/wp-content\/uploads\/2020\/04\/MG_9930-scaled.jpg?resize=300%2C200&amp;ssl=1 300w, https:\/\/i0.wp.com\/www.cellermartifabra.com\/wp-content\/uploads\/2020\/04\/MG_9930-scaled.jpg?resize=768%2C512&amp;ssl=1 768w, https:\/\/i0.wp.com\/www.cellermartifabra.com\/wp-content\/uploads\/2020\/04\/MG_9930-scaled.jpg?resize=1536%2C1024&amp;ssl=1 1536w, https:\/\/i0.wp.com\/www.cellermartifabra.com\/wp-content\/uploads\/2020\/04\/MG_9930-scaled.jpg?resize=2048%2C1366&amp;ssl=1 2048w, https:\/\/i0.wp.com\/www.cellermartifabra.com\/wp-content\/uploads\/2020\/04\/MG_9930-scaled.jpg?resize=350%2C233&amp;ssl=1 350w\" sizes=\"auto, (max-width: 767px) 89vw, (max-width: 1000px) 54vw, (max-width: 1071px) 543px, 580px\" \/><\/figure>\n\n\n\n<div class=\"wp-block-buttons is-content-justification-center is-layout-flex wp-block-buttons-is-layout-flex\">\n<div class=\"wp-block-button is-style-outline is-style-outline--1\"><a class=\"wp-block-button__link\" href=\"https:\/\/www.cellermartifabra.com\/es\/los-vinedos\/\">los vi\u00f1edos<\/a><\/div>\n<\/div>\n","protected":false},"excerpt":{"rendered":"<p>Nuestra bodega se encuentra en la mas\u00eda familiar, en la que se documenta la viticultura desde el siglo XIV. El primer documento que hace referencia a los vi\u00f1edos es la compra de una vi\u00f1a del 1305, esta escritura empieza una extensa relaci\u00f3n documental que atestigua la larga tradici\u00f3n vitivin\u00edcola de la familia Carreras. Con el &hellip; <\/p>\n<p class=\"link-more\"><a href=\"https:\/\/www.cellermartifabra.com\/es\/la-bodega-y-vinedos\/\" class=\"more-link\">Continuar leyendo<span class=\"screen-reader-text\"> \u00abLa bodega\u00bb<\/span><\/a><\/p>\n","protected":false},"author":1,"featured_media":0,"parent":0,"menu_order":0,"comment_status":"closed","ping_status":"closed","template":"","meta":{"footnotes":""},"class_list":["post-1476","page","type-page","status-publish","hentry"],"jetpack_sharing_enabled":true,"_links":{"self":[{"href":"https:\/\/www.cellermartifabra.com\/es\/wp-json\/wp\/v2\/pages\/1476","targetHints":{"allow":["GET"]}}],"collection":[{"href":"https:\/\/www.cellermartifabra.com\/es\/wp-json\/wp\/v2\/pages"}],"about":[{"href":"https:\/\/www.cellermartifabra.com\/es\/wp-json\/wp\/v2\/types\/page"}],"author":[{"embeddable":true,"href":"https:\/\/www.cellermartifabra.com\/es\/wp-json\/wp\/v2\/users\/1"}],"replies":[{"embeddable":true,"href":"https:\/\/www.cellermartifabra.com\/es\/wp-json\/wp\/v2\/comments?post=1476"}],"version-history":[{"count":9,"href":"https:\/\/www.cellermartifabra.com\/es\/wp-json\/wp\/v2\/pages\/1476\/revisions"}],"predecessor-version":[{"id":2508,"href":"https:\/\/www.cellermartifabra.com\/es\/wp-json\/wp\/v2\/pages\/1476\/revisions\/2508"}],"wp:attachment":[{"href":"https:\/\/www.cellermartifabra.com\/es\/wp-json\/wp\/v2\/media?parent=1476"}],"curies":[{"name":"wp","href":"https:\/\/api.w.org\/{rel}","templated":true}]}}