{"id":1465,"date":"2021-11-29T22:52:42","date_gmt":"2021-11-29T22:52:42","guid":{"rendered":"https:\/\/www.cellermartifabra.com\/cesta\/"},"modified":"2023-11-09T16:14:39","modified_gmt":"2023-11-09T16:14:39","slug":"cesta","status":"publish","type":"page","link":"https:\/\/www.cellermartifabra.com\/es\/cesta\/","title":{"rendered":"Cesta"},"content":{"rendered":"\n<pre class=\"wp-block-preformatted\">Los env\u00edos se realizan en cajas de 6 botellas.\nPuede combinar diferentes productos en una misma caja.\n<strong><a href=\"https:\/\/www.cellermartifabra.com\/es\/envios\/?customize_changeset_uuid=55f54c7e-9b79-43ba-a094-9a109eae4185&#038;customize_messenger_channel=preview-1\">M\u00e1s informaci\u00f3n del env\u00edo.<\/a><\/strong><\/pre>\n\n\n\n","protected":false},"excerpt":{"rendered":"<p>Los env\u00edos se realizan en cajas de 6 botellas. Puede combinar diferentes productos en una misma caja. M\u00e1s informaci\u00f3n del env\u00edo.<\/p>\n","protected":false},"author":1,"featured_media":0,"parent":0,"menu_order":0,"comment_status":"closed","ping_status":"closed","template":"","meta":{"footnotes":""},"class_list":["post-1465","page","type-page","status-publish","hentry"],"jetpack_sharing_enabled":true,"_links":{"self":[{"href":"https:\/\/www.cellermartifabra.com\/es\/wp-json\/wp\/v2\/pages\/1465","targetHints":{"allow":["GET"]}}],"collection":[{"href":"https:\/\/www.cellermartifabra.com\/es\/wp-json\/wp\/v2\/pages"}],"about":[{"href":"https:\/\/www.cellermartifabra.com\/es\/wp-json\/wp\/v2\/types\/page"}],"author":[{"embeddable":true,"href":"https:\/\/www.cellermartifabra.com\/es\/wp-json\/wp\/v2\/users\/1"}],"replies":[{"embeddable":true,"href":"https:\/\/www.cellermartifabra.com\/es\/wp-json\/wp\/v2\/comments?post=1465"}],"version-history":[{"count":3,"href":"https:\/\/www.cellermartifabra.com\/es\/wp-json\/wp\/v2\/pages\/1465\/revisions"}],"predecessor-version":[{"id":2525,"href":"https:\/\/www.cellermartifabra.com\/es\/wp-json\/wp\/v2\/pages\/1465\/revisions\/2525"}],"wp:attachment":[{"href":"https:\/\/www.cellermartifabra.com\/es\/wp-json\/wp\/v2\/media?parent=1465"}],"curies":[{"name":"wp","href":"https:\/\/api.w.org\/{rel}","templated":true}]}}