{"id":1133,"date":"2021-02-15T12:10:00","date_gmt":"2021-02-15T12:10:00","guid":{"rendered":"https:\/\/www.cellermartifabra.com\/crianza-en-madera\/"},"modified":"2021-02-15T13:02:02","modified_gmt":"2021-02-15T13:02:02","slug":"crianza-en-madera","status":"publish","type":"page","link":"https:\/\/www.cellermartifabra.com\/es\/crianza-en-madera\/","title":{"rendered":"Crianza en madera"},"content":{"rendered":"\n<p>Todos nuestros vinos descansan, en un primer momento, 9 meses en tinas de hormig\u00f3n subterr\u00e1neas de la bodega de vinificaci\u00f3n.<\/p>\n\n\n\n<p>Pasado este tiempo los vinos de crianza pasan a las barricas de roble que guardamos en la bodega de las botas, situada en los bajos de la casa. Se trata de una sucesi\u00f3n bastante laber\u00edntica de salas centenarias medio excavadas en la roca y cubiertas con b\u00f3vedas de piedra sin trabajar, algunas de las cuales todav\u00eda conservan los restos de encofrado de ca\u00f1as.<\/p>\n\n\n<div data-block-name=\"woocommerce\/product-category\" data-categories=\"[89]\" class=\"wc-block-grid wp-block-product-category wp-block-woocommerce-product-category wc-block-product-category has-3-columns has-multiple-rows\"><ul class=\"wc-block-grid__products\"><li class=\"wc-block-grid__product\">\n\t\t\t\t<a href=\"https:\/\/www.cellermartifabra.com\/es\/producte\/flor-dalbera\/\" class=\"wc-block-grid__product-link\">\n\t\t\t\t\t\n\t\t\t\t\t<div class=\"wc-block-grid__product-image\"><img loading=\"lazy\" decoding=\"async\" width=\"250\" height=\"250\" src=\"https:\/\/i0.wp.com\/www.cellermartifabra.com\/wp-content\/uploads\/2020\/04\/Flor-dAlbera-7.jpg?resize=250%2C250&amp;ssl=1\" class=\"attachment-woocommerce_thumbnail size-woocommerce_thumbnail\" alt=\"Flor d&#039;Albera\" srcset=\"https:\/\/i0.wp.com\/www.cellermartifabra.com\/wp-content\/uploads\/2020\/04\/Flor-dAlbera-7.jpg?w=1530&amp;ssl=1 1530w, https:\/\/i0.wp.com\/www.cellermartifabra.com\/wp-content\/uploads\/2020\/04\/Flor-dAlbera-7.jpg?resize=300%2C300&amp;ssl=1 300w, https:\/\/i0.wp.com\/www.cellermartifabra.com\/wp-content\/uploads\/2020\/04\/Flor-dAlbera-7.jpg?resize=1020%2C1024&amp;ssl=1 1020w, https:\/\/i0.wp.com\/www.cellermartifabra.com\/wp-content\/uploads\/2020\/04\/Flor-dAlbera-7.jpg?resize=150%2C150&amp;ssl=1 150w, https:\/\/i0.wp.com\/www.cellermartifabra.com\/wp-content\/uploads\/2020\/04\/Flor-dAlbera-7.jpg?resize=768%2C771&amp;ssl=1 768w, https:\/\/i0.wp.com\/www.cellermartifabra.com\/wp-content\/uploads\/2020\/04\/Flor-dAlbera-7.jpg?resize=100%2C100&amp;ssl=1 100w, https:\/\/i0.wp.com\/www.cellermartifabra.com\/wp-content\/uploads\/2020\/04\/Flor-dAlbera-7.jpg?resize=250%2C250&amp;ssl=1 250w, https:\/\/i0.wp.com\/www.cellermartifabra.com\/wp-content\/uploads\/2020\/04\/Flor-dAlbera-7.jpg?resize=350%2C351&amp;ssl=1 350w\" sizes=\"auto, 100vw\" \/><\/div>\n\t\t\t\t\t<div class=\"wc-block-grid__product-title\">Flor d&#8217;Albera<\/div>\n\t\t\t\t<\/a>\n\t\t\t\t<div class=\"wc-block-grid__product-price price\"><span class=\"woocommerce-Price-amount amount\"><span class=\"woocommerce-Price-currencySymbol\">&euro;<\/span>11,25<\/span><\/div>\n\t\t\t\t\n\t\t\t\t<div class=\"wp-block-button wc-block-grid__product-add-to-cart\"><a href=\"?add-to-cart=525\" aria-label=\"A\u00f1adir al carrito: &ldquo;Flor d&#039;Albera&rdquo;\" data-quantity=\"1\" data-product_id=\"525\" data-product_sku=\"\" data-price=\"11.25\" rel=\"nofollow\" class=\"wp-block-button__link  add_to_cart_button ajax_add_to_cart\">A\u00f1adir al carrito<\/a><\/div>\n\t\t\t<\/li><li class=\"wc-block-grid__product\">\n\t\t\t\t<a href=\"https:\/\/www.cellermartifabra.com\/es\/producte\/seleccio-vinyes-velles\/\" class=\"wc-block-grid__product-link\">\n\t\t\t\t\t\n\t\t\t\t\t<div class=\"wc-block-grid__product-image\"><img loading=\"lazy\" decoding=\"async\" width=\"250\" height=\"250\" src=\"https:\/\/i0.wp.com\/www.cellermartifabra.com\/wp-content\/uploads\/2020\/04\/vinyes-velles-6.jpg?resize=250%2C250&amp;ssl=1\" class=\"attachment-woocommerce_thumbnail size-woocommerce_thumbnail\" alt=\"Vinyes Velles\" srcset=\"https:\/\/i0.wp.com\/www.cellermartifabra.com\/wp-content\/uploads\/2020\/04\/vinyes-velles-6.jpg?w=1530&amp;ssl=1 1530w, https:\/\/i0.wp.com\/www.cellermartifabra.com\/wp-content\/uploads\/2020\/04\/vinyes-velles-6.jpg?resize=300%2C300&amp;ssl=1 300w, https:\/\/i0.wp.com\/www.cellermartifabra.com\/wp-content\/uploads\/2020\/04\/vinyes-velles-6.jpg?resize=1020%2C1024&amp;ssl=1 1020w, https:\/\/i0.wp.com\/www.cellermartifabra.com\/wp-content\/uploads\/2020\/04\/vinyes-velles-6.jpg?resize=150%2C150&amp;ssl=1 150w, https:\/\/i0.wp.com\/www.cellermartifabra.com\/wp-content\/uploads\/2020\/04\/vinyes-velles-6.jpg?resize=768%2C771&amp;ssl=1 768w, https:\/\/i0.wp.com\/www.cellermartifabra.com\/wp-content\/uploads\/2020\/04\/vinyes-velles-6.jpg?resize=100%2C100&amp;ssl=1 100w, https:\/\/i0.wp.com\/www.cellermartifabra.com\/wp-content\/uploads\/2020\/04\/vinyes-velles-6.jpg?resize=250%2C250&amp;ssl=1 250w, https:\/\/i0.wp.com\/www.cellermartifabra.com\/wp-content\/uploads\/2020\/04\/vinyes-velles-6.jpg?resize=350%2C351&amp;ssl=1 350w\" sizes=\"auto, 100vw\" \/><\/div>\n\t\t\t\t\t<div class=\"wc-block-grid__product-title\">Vinyes Velles<\/div>\n\t\t\t\t<\/a>\n\t\t\t\t<div class=\"wc-block-grid__product-price price\"><span class=\"woocommerce-Price-amount amount\"><span class=\"woocommerce-Price-currencySymbol\">&euro;<\/span>11,80<\/span><\/div>\n\t\t\t\t\n\t\t\t\t<div class=\"wp-block-button wc-block-grid__product-add-to-cart\"><a href=\"?add-to-cart=514\" aria-label=\"A\u00f1adir al carrito: &ldquo;Vinyes Velles&rdquo;\" data-quantity=\"1\" data-product_id=\"514\" data-product_sku=\"\" data-price=\"11.8\" rel=\"nofollow\" class=\"wp-block-button__link  add_to_cart_button ajax_add_to_cart\">A\u00f1adir al carrito<\/a><\/div>\n\t\t\t<\/li><\/ul><\/div>","protected":false},"excerpt":{"rendered":"<p>Todos nuestros vinos descansan, en un primer momento, 9 meses en tinas de hormig\u00f3n subterr\u00e1neas de la bodega de vinificaci\u00f3n. Pasado este tiempo los vinos de crianza pasan a las barricas de roble que guardamos en la bodega de las botas, situada en los bajos de la casa. Se trata de una sucesi\u00f3n bastante laber\u00edntica &hellip; <\/p>\n<p class=\"link-more\"><a href=\"https:\/\/www.cellermartifabra.com\/es\/crianza-en-madera\/\" class=\"more-link\">Continuar leyendo<span class=\"screen-reader-text\"> \u00abCrianza en madera\u00bb<\/span><\/a><\/p>\n","protected":false},"author":1,"featured_media":505,"parent":0,"menu_order":0,"comment_status":"closed","ping_status":"closed","template":"","meta":{"footnotes":""},"class_list":["post-1133","page","type-page","status-publish","has-post-thumbnail","hentry"],"jetpack_sharing_enabled":true,"_links":{"self":[{"href":"https:\/\/www.cellermartifabra.com\/es\/wp-json\/wp\/v2\/pages\/1133","targetHints":{"allow":["GET"]}}],"collection":[{"href":"https:\/\/www.cellermartifabra.com\/es\/wp-json\/wp\/v2\/pages"}],"about":[{"href":"https:\/\/www.cellermartifabra.com\/es\/wp-json\/wp\/v2\/types\/page"}],"author":[{"embeddable":true,"href":"https:\/\/www.cellermartifabra.com\/es\/wp-json\/wp\/v2\/users\/1"}],"replies":[{"embeddable":true,"href":"https:\/\/www.cellermartifabra.com\/es\/wp-json\/wp\/v2\/comments?post=1133"}],"version-history":[{"count":2,"href":"https:\/\/www.cellermartifabra.com\/es\/wp-json\/wp\/v2\/pages\/1133\/revisions"}],"predecessor-version":[{"id":1150,"href":"https:\/\/www.cellermartifabra.com\/es\/wp-json\/wp\/v2\/pages\/1133\/revisions\/1150"}],"wp:featuredmedia":[{"embeddable":true,"href":"https:\/\/www.cellermartifabra.com\/es\/wp-json\/wp\/v2\/media\/505"}],"wp:attachment":[{"href":"https:\/\/www.cellermartifabra.com\/es\/wp-json\/wp\/v2\/media?parent=1133"}],"curies":[{"name":"wp","href":"https:\/\/api.w.org\/{rel}","templated":true}]}}