{"id":1122,"date":"2021-02-15T11:47:50","date_gmt":"2021-02-15T11:47:50","guid":{"rendered":"https:\/\/www.cellermartifabra.com\/vino-dulce\/"},"modified":"2021-02-15T13:07:50","modified_gmt":"2021-02-15T13:07:50","slug":"vino-dulce","status":"publish","type":"page","link":"https:\/\/www.cellermartifabra.com\/es\/vino-dulce\/","title":{"rendered":"Vino dulce"},"content":{"rendered":"\n<p>De muy antiguo en la bodega se han elaborado vinos dulces y rancios. Nuestra bisabuela explicaba que se pasaba la vendimia junto a un perol hirviendo mosto, con el que hac\u00edan <em>garnatxa<\/em> y vinos dulces.<\/p>\n\n\n\n<p>Actualmente seguimos con la tradici\u00f3n haciendo vinos dulces que envejecemos un m\u00ednimo de 10 a\u00f1os para enriquecer las soleras antiguas. Algunas de nuestras botas contienen soleras que superan los 60 y 80 a\u00f1os de antig\u00fcedad.<\/p>\n\n\n<div data-block-name=\"woocommerce\/product-category\" data-categories=\"[63]\" class=\"wc-block-grid wp-block-product-category wp-block-woocommerce-product-category wc-block-product-category has-3-columns has-multiple-rows\"><ul class=\"wc-block-grid__products\"><li class=\"wc-block-grid__product\">\n\t\t\t\t<a href=\"https:\/\/www.cellermartifabra.com\/es\/producte\/masia-pairal-can-carreras-moscat\/\" class=\"wc-block-grid__product-link\">\n\t\t\t\t\t\n\t\t\t\t\t<div class=\"wc-block-grid__product-image\"><img loading=\"lazy\" decoding=\"async\" width=\"250\" height=\"250\" src=\"https:\/\/i0.wp.com\/www.cellermartifabra.com\/wp-content\/uploads\/2020\/04\/moscat-5.jpg?resize=250%2C250&amp;ssl=1\" class=\"attachment-woocommerce_thumbnail size-woocommerce_thumbnail\" alt=\"Masia Pairal Can Carreras Moscat\" srcset=\"https:\/\/i0.wp.com\/www.cellermartifabra.com\/wp-content\/uploads\/2020\/04\/moscat-5.jpg?w=1530&amp;ssl=1 1530w, https:\/\/i0.wp.com\/www.cellermartifabra.com\/wp-content\/uploads\/2020\/04\/moscat-5.jpg?resize=300%2C300&amp;ssl=1 300w, https:\/\/i0.wp.com\/www.cellermartifabra.com\/wp-content\/uploads\/2020\/04\/moscat-5.jpg?resize=1020%2C1024&amp;ssl=1 1020w, https:\/\/i0.wp.com\/www.cellermartifabra.com\/wp-content\/uploads\/2020\/04\/moscat-5.jpg?resize=150%2C150&amp;ssl=1 150w, https:\/\/i0.wp.com\/www.cellermartifabra.com\/wp-content\/uploads\/2020\/04\/moscat-5.jpg?resize=768%2C771&amp;ssl=1 768w, https:\/\/i0.wp.com\/www.cellermartifabra.com\/wp-content\/uploads\/2020\/04\/moscat-5.jpg?resize=100%2C100&amp;ssl=1 100w, https:\/\/i0.wp.com\/www.cellermartifabra.com\/wp-content\/uploads\/2020\/04\/moscat-5.jpg?resize=250%2C250&amp;ssl=1 250w, https:\/\/i0.wp.com\/www.cellermartifabra.com\/wp-content\/uploads\/2020\/04\/moscat-5.jpg?resize=350%2C351&amp;ssl=1 350w\" sizes=\"auto, 100vw\" \/><\/div>\n\t\t\t\t\t<div class=\"wc-block-grid__product-title\">Masia Pairal Can Carreras Moscat<\/div>\n\t\t\t\t<\/a>\n\t\t\t\t<div class=\"wc-block-grid__product-price price\"><span class=\"woocommerce-Price-amount amount\"><span class=\"woocommerce-Price-currencySymbol\">&euro;<\/span>18,70<\/span><\/div>\n\t\t\t\t\n\t\t\t\t<div class=\"wp-block-button wc-block-grid__product-add-to-cart\"><a href=\"https:\/\/www.cellermartifabra.com\/es\/producte\/masia-pairal-can-carreras-moscat\/\" aria-label=\"Lee m\u00e1s sobre &ldquo;Masia Pairal Can Carreras Moscat&rdquo;\" data-quantity=\"1\" data-product_id=\"478\" data-product_sku=\"\" data-price=\"18.7\" rel=\"nofollow\" class=\"wp-block-button__link  add_to_cart_button\">Leer m\u00e1s<\/a><\/div>\n\t\t\t<\/li><li class=\"wc-block-grid__product\">\n\t\t\t\t<a href=\"https:\/\/www.cellermartifabra.com\/es\/producte\/masia-pairal-can-carreras-garnatxa-demporda\/\" class=\"wc-block-grid__product-link\">\n\t\t\t\t\t\n\t\t\t\t\t<div class=\"wc-block-grid__product-image\"><img loading=\"lazy\" decoding=\"async\" width=\"250\" height=\"250\" src=\"https:\/\/i0.wp.com\/www.cellermartifabra.com\/wp-content\/uploads\/2020\/04\/garnatxa-5.jpg?resize=250%2C250&amp;ssl=1\" class=\"attachment-woocommerce_thumbnail size-woocommerce_thumbnail\" alt=\"Masia Pairal Can Carreras Garnatxa d&#039;Empord\u00e0\" srcset=\"https:\/\/i0.wp.com\/www.cellermartifabra.com\/wp-content\/uploads\/2020\/04\/garnatxa-5.jpg?w=1530&amp;ssl=1 1530w, https:\/\/i0.wp.com\/www.cellermartifabra.com\/wp-content\/uploads\/2020\/04\/garnatxa-5.jpg?resize=300%2C300&amp;ssl=1 300w, https:\/\/i0.wp.com\/www.cellermartifabra.com\/wp-content\/uploads\/2020\/04\/garnatxa-5.jpg?resize=1020%2C1024&amp;ssl=1 1020w, https:\/\/i0.wp.com\/www.cellermartifabra.com\/wp-content\/uploads\/2020\/04\/garnatxa-5.jpg?resize=150%2C150&amp;ssl=1 150w, https:\/\/i0.wp.com\/www.cellermartifabra.com\/wp-content\/uploads\/2020\/04\/garnatxa-5.jpg?resize=768%2C771&amp;ssl=1 768w, https:\/\/i0.wp.com\/www.cellermartifabra.com\/wp-content\/uploads\/2020\/04\/garnatxa-5.jpg?resize=100%2C100&amp;ssl=1 100w, https:\/\/i0.wp.com\/www.cellermartifabra.com\/wp-content\/uploads\/2020\/04\/garnatxa-5.jpg?resize=250%2C250&amp;ssl=1 250w, https:\/\/i0.wp.com\/www.cellermartifabra.com\/wp-content\/uploads\/2020\/04\/garnatxa-5.jpg?resize=350%2C351&amp;ssl=1 350w\" sizes=\"auto, 100vw\" \/><\/div>\n\t\t\t\t\t<div class=\"wc-block-grid__product-title\">Masia Pairal Can Carreras Garnatxa d&#8217;Empord\u00e0<\/div>\n\t\t\t\t<\/a>\n\t\t\t\t<div class=\"wc-block-grid__product-price price\"><span class=\"woocommerce-Price-amount amount\"><span class=\"woocommerce-Price-currencySymbol\">&euro;<\/span>18,70<\/span><\/div>\n\t\t\t\t\n\t\t\t\t<div class=\"wp-block-button wc-block-grid__product-add-to-cart\"><a href=\"https:\/\/www.cellermartifabra.com\/es\/producte\/masia-pairal-can-carreras-garnatxa-demporda\/\" aria-label=\"Lee m\u00e1s sobre &ldquo;Masia Pairal Can Carreras Garnatxa d&#039;Empord\u00e0&rdquo;\" data-quantity=\"1\" data-product_id=\"462\" data-product_sku=\"\" data-price=\"18.7\" rel=\"nofollow\" class=\"wp-block-button__link  add_to_cart_button\">Leer m\u00e1s<\/a><\/div>\n\t\t\t<\/li><\/ul><\/div>","protected":false},"excerpt":{"rendered":"<p>De muy antiguo en la bodega se han elaborado vinos dulces y rancios. Nuestra bisabuela explicaba que se pasaba la vendimia junto a un perol hirviendo mosto, con el que hac\u00edan garnatxa y vinos dulces. Actualmente seguimos con la tradici\u00f3n haciendo vinos dulces que envejecemos un m\u00ednimo de 10 a\u00f1os para enriquecer las soleras antiguas. &hellip; <\/p>\n<p class=\"link-more\"><a href=\"https:\/\/www.cellermartifabra.com\/es\/vino-dulce\/\" class=\"more-link\">Continuar leyendo<span class=\"screen-reader-text\"> \u00abVino dulce\u00bb<\/span><\/a><\/p>\n","protected":false},"author":1,"featured_media":451,"parent":0,"menu_order":0,"comment_status":"closed","ping_status":"closed","template":"","meta":{"footnotes":""},"class_list":["post-1122","page","type-page","status-publish","has-post-thumbnail","hentry"],"jetpack_sharing_enabled":true,"_links":{"self":[{"href":"https:\/\/www.cellermartifabra.com\/es\/wp-json\/wp\/v2\/pages\/1122","targetHints":{"allow":["GET"]}}],"collection":[{"href":"https:\/\/www.cellermartifabra.com\/es\/wp-json\/wp\/v2\/pages"}],"about":[{"href":"https:\/\/www.cellermartifabra.com\/es\/wp-json\/wp\/v2\/types\/page"}],"author":[{"embeddable":true,"href":"https:\/\/www.cellermartifabra.com\/es\/wp-json\/wp\/v2\/users\/1"}],"replies":[{"embeddable":true,"href":"https:\/\/www.cellermartifabra.com\/es\/wp-json\/wp\/v2\/comments?post=1122"}],"version-history":[{"count":2,"href":"https:\/\/www.cellermartifabra.com\/es\/wp-json\/wp\/v2\/pages\/1122\/revisions"}],"predecessor-version":[{"id":1152,"href":"https:\/\/www.cellermartifabra.com\/es\/wp-json\/wp\/v2\/pages\/1122\/revisions\/1152"}],"wp:featuredmedia":[{"embeddable":true,"href":"https:\/\/www.cellermartifabra.com\/es\/wp-json\/wp\/v2\/media\/451"}],"wp:attachment":[{"href":"https:\/\/www.cellermartifabra.com\/es\/wp-json\/wp\/v2\/media?parent=1122"}],"curies":[{"name":"wp","href":"https:\/\/api.w.org\/{rel}","templated":true}]}}