{"id":558,"date":"2020-04-17T16:48:10","date_gmt":"2020-04-17T16:48:10","guid":{"rendered":"https:\/\/www.cellermartifabra.com\/lladoner-2018\/"},"modified":"2020-04-17T16:48:10","modified_gmt":"2020-04-17T16:48:10","slug":"lladoner-2018","status":"publish","type":"page","link":"https:\/\/www.cellermartifabra.com\/en\/lladoner-2018\/","title":{"rendered":"Lladoner 2018"},"content":{"rendered":"\n<div class=\"wp-block-jetpack-slideshow aligncenter\" data-effect=\"slide\"><div class=\"wp-block-jetpack-slideshow_container swiper-container\"><ul class=\"wp-block-jetpack-slideshow_swiper-wrapper swiper-wrapper\"><li class=\"wp-block-jetpack-slideshow_slide swiper-slide\"><figure><img data-recalc-dims=\"1\" height=\"342\" width=\"525\" decoding=\"async\" alt=\"\" class=\"wp-block-jetpack-slideshow_image wp-image-261\" data-id=\"261\" src=\"https:\/\/i0.wp.com\/www.cellermartifabra.com\/wp-content\/uploads\/2020\/04\/lladoner-2-1024x668.jpg?resize=525%2C342\"\/><\/figure><\/li><li class=\"wp-block-jetpack-slideshow_slide swiper-slide\"><figure><img data-recalc-dims=\"1\" loading=\"lazy\" decoding=\"async\" width=\"525\" height=\"350\" alt=\"\" class=\"wp-block-jetpack-slideshow_image wp-image-159\" data-id=\"159\" src=\"https:\/\/i0.wp.com\/www.cellermartifabra.com\/wp-content\/uploads\/2020\/04\/MG_9574-1024x683.jpg?resize=525%2C350\" srcset=\"https:\/\/i0.wp.com\/www.cellermartifabra.com\/wp-content\/uploads\/2020\/04\/MG_9574-scaled.jpg?resize=1024%2C683&amp;ssl=1 1024w, https:\/\/i0.wp.com\/www.cellermartifabra.com\/wp-content\/uploads\/2020\/04\/MG_9574-scaled.jpg?resize=300%2C200&amp;ssl=1 300w, https:\/\/i0.wp.com\/www.cellermartifabra.com\/wp-content\/uploads\/2020\/04\/MG_9574-scaled.jpg?resize=768%2C512&amp;ssl=1 768w, https:\/\/i0.wp.com\/www.cellermartifabra.com\/wp-content\/uploads\/2020\/04\/MG_9574-scaled.jpg?resize=1536%2C1024&amp;ssl=1 1536w, https:\/\/i0.wp.com\/www.cellermartifabra.com\/wp-content\/uploads\/2020\/04\/MG_9574-scaled.jpg?resize=2048%2C1366&amp;ssl=1 2048w, https:\/\/i0.wp.com\/www.cellermartifabra.com\/wp-content\/uploads\/2020\/04\/MG_9574-scaled.jpg?resize=350%2C233&amp;ssl=1 350w\" sizes=\"(max-width: 767px) 89vw, (max-width: 1000px) 54vw, (max-width: 1071px) 543px, 580px\" \/><\/figure><\/li><li class=\"wp-block-jetpack-slideshow_slide swiper-slide\"><figure><img data-recalc-dims=\"1\" loading=\"lazy\" decoding=\"async\" width=\"525\" height=\"350\" alt=\"\" class=\"wp-block-jetpack-slideshow_image wp-image-160\" data-id=\"160\" src=\"https:\/\/i0.wp.com\/www.cellermartifabra.com\/wp-content\/uploads\/2020\/04\/MG_9622-1024x683.jpg?resize=525%2C350\" srcset=\"https:\/\/i0.wp.com\/www.cellermartifabra.com\/wp-content\/uploads\/2020\/04\/MG_9622-scaled.jpg?resize=1024%2C683&amp;ssl=1 1024w, https:\/\/i0.wp.com\/www.cellermartifabra.com\/wp-content\/uploads\/2020\/04\/MG_9622-scaled.jpg?resize=300%2C200&amp;ssl=1 300w, https:\/\/i0.wp.com\/www.cellermartifabra.com\/wp-content\/uploads\/2020\/04\/MG_9622-scaled.jpg?resize=768%2C512&amp;ssl=1 768w, https:\/\/i0.wp.com\/www.cellermartifabra.com\/wp-content\/uploads\/2020\/04\/MG_9622-scaled.jpg?resize=1536%2C1024&amp;ssl=1 1536w, https:\/\/i0.wp.com\/www.cellermartifabra.com\/wp-content\/uploads\/2020\/04\/MG_9622-scaled.jpg?resize=2048%2C1366&amp;ssl=1 2048w, https:\/\/i0.wp.com\/www.cellermartifabra.com\/wp-content\/uploads\/2020\/04\/MG_9622-scaled.jpg?resize=350%2C233&amp;ssl=1 350w\" sizes=\"(max-width: 767px) 89vw, (max-width: 1000px) 54vw, (max-width: 1071px) 543px, 580px\" \/><\/figure><\/li><li class=\"wp-block-jetpack-slideshow_slide swiper-slide\"><figure><img data-recalc-dims=\"1\" loading=\"lazy\" decoding=\"async\" width=\"525\" height=\"350\" alt=\"\" class=\"wp-block-jetpack-slideshow_image wp-image-100\" data-id=\"100\" src=\"https:\/\/i0.wp.com\/www.cellermartifabra.com\/wp-content\/uploads\/2020\/04\/MG_9930-1024x683.jpg?resize=525%2C350\" srcset=\"https:\/\/i0.wp.com\/www.cellermartifabra.com\/wp-content\/uploads\/2020\/04\/MG_9930-scaled.jpg?resize=1024%2C683&amp;ssl=1 1024w, https:\/\/i0.wp.com\/www.cellermartifabra.com\/wp-content\/uploads\/2020\/04\/MG_9930-scaled.jpg?resize=300%2C200&amp;ssl=1 300w, https:\/\/i0.wp.com\/www.cellermartifabra.com\/wp-content\/uploads\/2020\/04\/MG_9930-scaled.jpg?resize=768%2C512&amp;ssl=1 768w, https:\/\/i0.wp.com\/www.cellermartifabra.com\/wp-content\/uploads\/2020\/04\/MG_9930-scaled.jpg?resize=1536%2C1024&amp;ssl=1 1536w, https:\/\/i0.wp.com\/www.cellermartifabra.com\/wp-content\/uploads\/2020\/04\/MG_9930-scaled.jpg?resize=2048%2C1366&amp;ssl=1 2048w, https:\/\/i0.wp.com\/www.cellermartifabra.com\/wp-content\/uploads\/2020\/04\/MG_9930-scaled.jpg?resize=350%2C233&amp;ssl=1 350w\" sizes=\"(max-width: 767px) 89vw, (max-width: 1000px) 54vw, (max-width: 1071px) 543px, 580px\" \/><\/figure><\/li><\/ul><a class=\"wp-block-jetpack-slideshow_button-prev swiper-button-prev swiper-button-white\" role=\"button\"><\/a><a class=\"wp-block-jetpack-slideshow_button-next swiper-button-next swiper-button-white\" role=\"button\"><\/a><a aria-label=\"Pause Slideshow\" class=\"wp-block-jetpack-slideshow_button-pause\" role=\"button\"><\/a><div class=\"wp-block-jetpack-slideshow_pagination swiper-pagination swiper-pagination-white\"><\/div><\/div><\/div>\n\n\n\n<p>Anyada: 2018<\/p>\n\n\n\n<p>Varietats:<\/p>\n\n\n\n<ul class=\"wp-block-list\"><li>100% garnatxa negra<\/li><\/ul>\n\n\n\n<p>Elaboraci\u00f3:<\/p>\n\n\n\n<p>El Lladoner \u00e9s un vi franc, expressi\u00f3 de l\u2019autenticitat empordanesa. El seu nom, que ha conservat la grafia antiga, ens remet a la manera com a l\u2019Empord\u00e0 s\u2019anomena la garnatxa, el lledoner.<\/p>\n\n\n\n<p>Procedeix de vinyes de garnatxa de m\u00e9s de 40 anys, profundament arrelades i resistents als embats de la tramuntana i al rigor de l\u2019estiu. La verema es realitza a m\u00e0 i en caixes, un cop al celler es realitza una maceraci\u00f3 curta per extreure colors i aromes. La fermentaci\u00f3 es realitza en tines de formig\u00f3 i un cop vinificat, el vi reposa 9 mesos amb les mares.<\/p>\n\n\n\n<p>Grau alcoh\u00f2lic: 13% vol<\/p>\n\n\n\n<p>Presentaci\u00f3: ampolles de 75 cl<\/p>\n\n\n\n<p>DO Empord\u00e0<\/p>\n","protected":false},"excerpt":{"rendered":"<p>Anyada: 2018 Varietats: 100% garnatxa negra Elaboraci\u00f3: El Lladoner \u00e9s un vi franc, expressi\u00f3 de l\u2019autenticitat empordanesa. El seu nom, que ha conservat la grafia antiga, ens remet a la manera com a l\u2019Empord\u00e0 s\u2019anomena la garnatxa, el lledoner. Procedeix de vinyes de garnatxa de m\u00e9s de 40 anys, profundament arrelades i resistents als embats &hellip; <\/p>\n<p class=\"link-more\"><a href=\"https:\/\/www.cellermartifabra.com\/en\/lladoner-2018\/\" class=\"more-link\">Continue reading<span class=\"screen-reader-text\"> &#8220;Lladoner 2018&#8221;<\/span><\/a><\/p>\n","protected":false},"author":1,"featured_media":0,"parent":0,"menu_order":0,"comment_status":"closed","ping_status":"closed","template":"","meta":{"footnotes":""},"class_list":["post-558","page","type-page","status-publish","hentry"],"jetpack_sharing_enabled":true,"_links":{"self":[{"href":"https:\/\/www.cellermartifabra.com\/en\/wp-json\/wp\/v2\/pages\/558","targetHints":{"allow":["GET"]}}],"collection":[{"href":"https:\/\/www.cellermartifabra.com\/en\/wp-json\/wp\/v2\/pages"}],"about":[{"href":"https:\/\/www.cellermartifabra.com\/en\/wp-json\/wp\/v2\/types\/page"}],"author":[{"embeddable":true,"href":"https:\/\/www.cellermartifabra.com\/en\/wp-json\/wp\/v2\/users\/1"}],"replies":[{"embeddable":true,"href":"https:\/\/www.cellermartifabra.com\/en\/wp-json\/wp\/v2\/comments?post=558"}],"version-history":[{"count":0,"href":"https:\/\/www.cellermartifabra.com\/en\/wp-json\/wp\/v2\/pages\/558\/revisions"}],"wp:attachment":[{"href":"https:\/\/www.cellermartifabra.com\/en\/wp-json\/wp\/v2\/media?parent=558"}],"curies":[{"name":"wp","href":"https:\/\/api.w.org\/{rel}","templated":true}]}}